{"id":151,"date":"2024-11-19T21:19:29","date_gmt":"2024-11-19T21:19:29","guid":{"rendered":"https:\/\/stone96.com\/?page_id=151"},"modified":"2024-11-26T15:36:48","modified_gmt":"2024-11-26T15:36:48","slug":"impressum","status":"publish","type":"page","link":"https:\/\/stone96.com\/fr\/impressum\/","title":{"rendered":"mentions l\u00e9gales"},"content":{"rendered":"<div data-elementor-type=\"wp-page\" data-elementor-id=\"151\" class=\"elementor elementor-151\" data-elementor-post-type=\"page\">\n\t\t\t\t<div class=\"elementor-element elementor-element-3acecb1 e-flex e-con-boxed e-con e-parent\" data-id=\"3acecb1\" data-element_type=\"container\" data-settings=\"{&quot;background_background&quot;:&quot;classic&quot;}\">\n\t\t\t\t\t<div class=\"e-con-inner\">\n\t\t\t\t<div class=\"elementor-element elementor-element-2ae02a9 elementor-widget elementor-widget-heading\" data-id=\"2ae02a9\" data-element_type=\"widget\" data-widget_type=\"heading.default\">\n\t\t\t\t<div class=\"elementor-widget-container\">\n\t\t\t\t\t<h2 class=\"elementor-heading-title elementor-size-default\">mentions l\u00e9gales<\/h2>\t\t\t\t<\/div>\n\t\t\t\t<\/div>\n\t\t\t\t<div class=\"elementor-element elementor-element-46dea26 elementor-widget elementor-widget-text-editor\" data-id=\"46dea26\" data-element_type=\"widget\" data-widget_type=\"text-editor.default\">\n\t\t\t\t<div class=\"elementor-widget-container\">\n\t\t\t\t\t\t\t\t\t<p><strong>Stone96 sarl<\/strong><br \/>Weilwerdangerstrooss 18<br \/>L-9990 Weiswampach<\/p><p><b>Gesch\u00e4ftsf\u00fchrer:<\/b><\/p><p>Markus Scheuern<br \/>Tel. +352 20 60 06 19<br \/>Mob. +49 171 3797 856<\/p><p>Email: m.scheuern@stone96.lu<br \/>MwSt Nummer \/ Numero TVA: LU35848582<br \/>Handelsregister Nummer \/ Numero RCS: B287878<\/p><p><b>Hinweise:<\/b><\/p><p>Wir handeln ausschlie\u00dflich mit Naturstein. Diese unterliegen nat\u00fcrlichen Schwankungen. Bitte beachten Sie:<\/p><p>Abweichungen in Farbe und Struktur, auch \u00fcber den bemusterten Rahmen hinaus, bleiben vorbehalten, soweit sie in der Natur verwendeter Materialien liegen und handels\u00fcblich sind. Hierzu geh\u00f6ren auch korrosionsbedingte Farbver\u00e4nderungen. Diese Abweichungen k\u00f6nnen auch \u00fcber den bemusterten Rahmen hinaus vorkommen.<\/p><p>Materialabmessungen und -ergiebigkeiten sind als Richt- und Erfahrungswerte zu verstehen, eine Gew\u00e4hr hierf\u00fcr k\u00f6nnen wir nicht \u00fcbernehmen.<\/p><p>Wir weisen darauf hin, dass Schichten- bzw. Sedimentgesteine, wie z.B. Porphyr, Grauwacke, Sandstein und Quarzite im allgemeinen, tendenziell zum Aufspalten neigen k\u00f6nnen. Dies kann mit einer fachgerechten Bauweise vermieden werden.<\/p><p>Das beim Pflaster enthaltene Steinmehl ist durch den mehrfachen Umschlag (Sch\u00fcttgut) entstandener Abrieb und berechtigt nicht zur Reklamation.<\/p><p>Bei Gebrauchtpflaster halten wir die Fremdanteile wie z.B. Sand, Spaltung etc. druch Handsortierung bzw. Verladung mit einer Skelettschaufel so gering wie m\u00f6glich, dennoch enthaltene Reststoffe berechtigen nicht zur Reklamation.<\/p><p>Im \u00fcbrigen gelten unsere Allgemeinen Lieferungs- und Gesch\u00e4ftsbedingungen.<\/p><p><b>Haftungsausschluss (Disclaimer)<br \/>Haftung f\u00fcr Inhalte<br \/><\/b>Als Diensteanbieter sind wir gem\u00e4\u00df \u00a7 7 Abs.1 TMG f\u00fcr eigene Inhalte auf diesen Seiten nach den allgemeinen Gesetzen verantwortlich. Nach \u00a7\u00a7 8 bis 10 TMG sind wir als Diensteanbieter jedoch nicht verpflichtet, \u00fcbermittelte oder gespeicherte fremde Informationen zu \u00fcberwachen oder nach Umst\u00e4nden zu forschen, die auf eine rechtswidrige T\u00e4tigkeit hinweisen. Verpflichtungen zur Entfernung oder Sperrung der Nutzung von Informationen nach den allgemeinen Gesetzen bleiben hiervon unber\u00fchrt. Eine diesbez\u00fcgliche Haftung ist jedoch erst ab dem Zeitpunkt der Kenntnis einer konkreten Rechtsverletzung m\u00f6glich. Bei Bekanntwerden von entsprechenden Rechtsverletzungen werden wir diese Inhalte umgehend entfernen.<\/p><p><b>Haftung f\u00fcr Links<br \/><\/b>Unser Angebot enth\u00e4lt Links zu externen Webseiten Dritter, auf deren Inhalte wir keinen Einfluss haben. Deshalb k\u00f6nnen wir f\u00fcr diese fremden Inhalte auch keine Gew\u00e4hr \u00fcbernehmen. F\u00fcr die Inhalte der verlinkten Seiten ist stets der jeweilige Anbieter oder Betreiber der Seiten verantwortlich. Die verlinkten Seiten wurden zum Zeitpunkt der Verlinkung auf m\u00f6gliche Rechtsverst\u00f6\u00dfe \u00fcberpr\u00fcft. Rechtswidrige Inhalte waren zum Zeitpunkt der Verlinkung nicht erkennbar. Eine permanente inhaltliche Kontrolle der verlinkten Seiten ist jedoch ohne konkrete Anhaltspunkte einer Rechtsverletzung nicht zumutbar. Bei Bekanntwerden von Rechtsverletzungen werden wir derartige Links umgehend entfernen.<\/p><p><b>Urheberrecht<br \/><\/b>Die durch die Seitenbetreiber erstellten Inhalte und Werke auf diesen Seiten unterliegen dem deutschen Urheberrecht. Die Vervielf\u00e4ltigung, Bearbeitung, Verbreitung und jede Art der Verwertung au\u00dferhalb der Grenzen des Urheberrechtes bed\u00fcrfen der schriftlichen Zustimmung des jeweiligen Autors bzw. Erstellers. Downloads und Kopien dieser Seite sind nur f\u00fcr den privaten, nicht kommerziellen Gebrauch gestattet. Soweit die Inhalte auf dieser Seite nicht vom Betreiber erstellt wurden, werden die Urheberrechte Dritter beachtet. Insbesondere werden Inhalte Dritter als solche gekennzeichnet. Sollten Sie trotzdem auf eine Urheberrechtsverletzung aufmerksam werden, bitten wir um einen entsprechenden Hinweis. Bei Bekanntwerden von Rechtsverletzungen werden wir derartige Inhalte umgehend entfernen.<\/p>\t\t\t\t\t\t\t\t<\/div>\n\t\t\t\t<\/div>\n\t\t\t\t\t<\/div>\n\t\t\t\t<\/div>\n\t\t\t\t<\/div>","protected":false},"excerpt":{"rendered":"<p>Impressum Stone96 sarlWeilwerdangerstrooss 18L-9990 Weiswampach Gesch\u00e4ftsf\u00fchrer: Markus ScheuernTel. +352 20 60 06 19Mob. +49 171 3797 856 Email: m.scheuern@stone96.luMwSt Nummer \/ Numero TVA: LU35848582Handelsregister Nummer \/ Numero RCS: B287878 Hinweise: Wir handeln ausschlie\u00dflich mit Naturstein. Diese unterliegen nat\u00fcrlichen Schwankungen. Bitte beachten Sie: Abweichungen in Farbe und Struktur, auch \u00fcber den bemusterten Rahmen hinaus, bleiben vorbehalten, [&hellip;]<\/p>","protected":false},"author":1,"featured_media":0,"parent":0,"menu_order":0,"comment_status":"closed","ping_status":"closed","template":"","meta":{"footnotes":""},"class_list":["post-151","page","type-page","status-publish","hentry"],"yoast_head":"<!-- This site is optimized with the Yoast SEO plugin v26.0 - https:\/\/yoast.com\/wordpress\/plugins\/seo\/ -->\n<title>Impressum - stone96.com<\/title>\n<meta name=\"robots\" content=\"index, follow, max-snippet:-1, max-image-preview:large, max-video-preview:-1\" \/>\n<link rel=\"canonical\" href=\"https:\/\/stone96.com\/fr\/impressum\/\" \/>\n<meta property=\"og:locale\" content=\"fr_FR\" \/>\n<meta property=\"og:type\" content=\"article\" \/>\n<meta property=\"og:title\" content=\"Impressum - stone96.com\" \/>\n<meta property=\"og:description\" content=\"Impressum Stone96 sarlWeilwerdangerstrooss 18L-9990 Weiswampach Gesch\u00e4ftsf\u00fchrer: Markus ScheuernTel. +352 20 60 06 19Mob. +49 171 3797 856 Email: m.scheuern@stone96.luMwSt Nummer \/ Numero TVA: LU35848582Handelsregister Nummer \/ Numero RCS: B287878 Hinweise: Wir handeln ausschlie\u00dflich mit Naturstein. Diese unterliegen nat\u00fcrlichen Schwankungen. Bitte beachten Sie: Abweichungen in Farbe und Struktur, auch \u00fcber den bemusterten Rahmen hinaus, bleiben vorbehalten, [&hellip;]\" \/>\n<meta property=\"og:url\" content=\"https:\/\/stone96.com\/fr\/impressum\/\" \/>\n<meta property=\"og:site_name\" content=\"stone96.com\" \/>\n<meta property=\"article:modified_time\" content=\"2024-11-26T15:36:48+00:00\" \/>\n<meta name=\"twitter:card\" content=\"summary_large_image\" \/>\n<meta name=\"twitter:label1\" content=\"Dur\u00e9e de lecture estim\u00e9e\" \/>\n\t<meta name=\"twitter:data1\" content=\"2 minutes\" \/>\n<script type=\"application\/ld+json\" class=\"yoast-schema-graph\">{\"@context\":\"https:\/\/schema.org\",\"@graph\":[{\"@type\":\"WebPage\",\"@id\":\"https:\/\/stone96.com\/impressum\/\",\"url\":\"https:\/\/stone96.com\/impressum\/\",\"name\":\"Impressum - stone96.com\",\"isPartOf\":{\"@id\":\"https:\/\/stone96.com\/#website\"},\"datePublished\":\"2024-11-19T21:19:29+00:00\",\"dateModified\":\"2024-11-26T15:36:48+00:00\",\"breadcrumb\":{\"@id\":\"https:\/\/stone96.com\/impressum\/#breadcrumb\"},\"inLanguage\":\"fr-FR\",\"potentialAction\":[{\"@type\":\"ReadAction\",\"target\":[\"https:\/\/stone96.com\/impressum\/\"]}]},{\"@type\":\"BreadcrumbList\",\"@id\":\"https:\/\/stone96.com\/impressum\/#breadcrumb\",\"itemListElement\":[{\"@type\":\"ListItem\",\"position\":1,\"name\":\"Startseite\",\"item\":\"https:\/\/stone96.com\/\"},{\"@type\":\"ListItem\",\"position\":2,\"name\":\"Impressum\"}]},{\"@type\":\"WebSite\",\"@id\":\"https:\/\/stone96.com\/#website\",\"url\":\"https:\/\/stone96.com\/\",\"name\":\"stone96.com\",\"description\":\"\",\"publisher\":{\"@id\":\"https:\/\/stone96.com\/#organization\"},\"potentialAction\":[{\"@type\":\"SearchAction\",\"target\":{\"@type\":\"EntryPoint\",\"urlTemplate\":\"https:\/\/stone96.com\/?s={search_term_string}\"},\"query-input\":{\"@type\":\"PropertyValueSpecification\",\"valueRequired\":true,\"valueName\":\"search_term_string\"}}],\"inLanguage\":\"fr-FR\"},{\"@type\":\"Organization\",\"@id\":\"https:\/\/stone96.com\/#organization\",\"name\":\"stone96.com\",\"url\":\"https:\/\/stone96.com\/\",\"logo\":{\"@type\":\"ImageObject\",\"inLanguage\":\"fr-FR\",\"@id\":\"https:\/\/stone96.com\/#\/schema\/logo\/image\/\",\"url\":\"https:\/\/stone96.com\/wp-content\/uploads\/2024\/11\/Stone96-Logo_frei-1.webp\",\"contentUrl\":\"https:\/\/stone96.com\/wp-content\/uploads\/2024\/11\/Stone96-Logo_frei-1.webp\",\"width\":2446,\"height\":733,\"caption\":\"stone96.com\"},\"image\":{\"@id\":\"https:\/\/stone96.com\/#\/schema\/logo\/image\/\"}}]}<\/script>\n<!-- \/ Yoast SEO plugin. -->","yoast_head_json":{"title":"Impressum - stone96.com","robots":{"index":"index","follow":"follow","max-snippet":"max-snippet:-1","max-image-preview":"max-image-preview:large","max-video-preview":"max-video-preview:-1"},"canonical":"https:\/\/stone96.com\/fr\/impressum\/","og_locale":"fr_FR","og_type":"article","og_title":"Impressum - stone96.com","og_description":"Impressum Stone96 sarlWeilwerdangerstrooss 18L-9990 Weiswampach Gesch\u00e4ftsf\u00fchrer: Markus ScheuernTel. +352 20 60 06 19Mob. +49 171 3797 856 Email: m.scheuern@stone96.luMwSt Nummer \/ Numero TVA: LU35848582Handelsregister Nummer \/ Numero RCS: B287878 Hinweise: Wir handeln ausschlie\u00dflich mit Naturstein. Diese unterliegen nat\u00fcrlichen Schwankungen. Bitte beachten Sie: Abweichungen in Farbe und Struktur, auch \u00fcber den bemusterten Rahmen hinaus, bleiben vorbehalten, [&hellip;]","og_url":"https:\/\/stone96.com\/fr\/impressum\/","og_site_name":"stone96.com","article_modified_time":"2024-11-26T15:36:48+00:00","twitter_card":"summary_large_image","twitter_misc":{"Dur\u00e9e de lecture estim\u00e9e":"2 minutes"},"schema":{"@context":"https:\/\/schema.org","@graph":[{"@type":"WebPage","@id":"https:\/\/stone96.com\/impressum\/","url":"https:\/\/stone96.com\/impressum\/","name":"Impressum - stone96.com","isPartOf":{"@id":"https:\/\/stone96.com\/#website"},"datePublished":"2024-11-19T21:19:29+00:00","dateModified":"2024-11-26T15:36:48+00:00","breadcrumb":{"@id":"https:\/\/stone96.com\/impressum\/#breadcrumb"},"inLanguage":"fr-FR","potentialAction":[{"@type":"ReadAction","target":["https:\/\/stone96.com\/impressum\/"]}]},{"@type":"BreadcrumbList","@id":"https:\/\/stone96.com\/impressum\/#breadcrumb","itemListElement":[{"@type":"ListItem","position":1,"name":"Startseite","item":"https:\/\/stone96.com\/"},{"@type":"ListItem","position":2,"name":"Impressum"}]},{"@type":"WebSite","@id":"https:\/\/stone96.com\/#website","url":"https:\/\/stone96.com\/","name":"stone96.com","description":"","publisher":{"@id":"https:\/\/stone96.com\/#organization"},"potentialAction":[{"@type":"SearchAction","target":{"@type":"EntryPoint","urlTemplate":"https:\/\/stone96.com\/?s={search_term_string}"},"query-input":{"@type":"PropertyValueSpecification","valueRequired":true,"valueName":"search_term_string"}}],"inLanguage":"fr-FR"},{"@type":"Organization","@id":"https:\/\/stone96.com\/#organization","name":"stone96.com","url":"https:\/\/stone96.com\/","logo":{"@type":"ImageObject","inLanguage":"fr-FR","@id":"https:\/\/stone96.com\/#\/schema\/logo\/image\/","url":"https:\/\/stone96.com\/wp-content\/uploads\/2024\/11\/Stone96-Logo_frei-1.webp","contentUrl":"https:\/\/stone96.com\/wp-content\/uploads\/2024\/11\/Stone96-Logo_frei-1.webp","width":2446,"height":733,"caption":"stone96.com"},"image":{"@id":"https:\/\/stone96.com\/#\/schema\/logo\/image\/"}}]}},"_links":{"self":[{"href":"https:\/\/stone96.com\/fr\/wp-json\/wp\/v2\/pages\/151","targetHints":{"allow":["GET"]}}],"collection":[{"href":"https:\/\/stone96.com\/fr\/wp-json\/wp\/v2\/pages"}],"about":[{"href":"https:\/\/stone96.com\/fr\/wp-json\/wp\/v2\/types\/page"}],"author":[{"embeddable":true,"href":"https:\/\/stone96.com\/fr\/wp-json\/wp\/v2\/users\/1"}],"replies":[{"embeddable":true,"href":"https:\/\/stone96.com\/fr\/wp-json\/wp\/v2\/comments?post=151"}],"version-history":[{"count":4,"href":"https:\/\/stone96.com\/fr\/wp-json\/wp\/v2\/pages\/151\/revisions"}],"predecessor-version":[{"id":234,"href":"https:\/\/stone96.com\/fr\/wp-json\/wp\/v2\/pages\/151\/revisions\/234"}],"wp:attachment":[{"href":"https:\/\/stone96.com\/fr\/wp-json\/wp\/v2\/media?parent=151"}],"curies":[{"name":"wp","href":"https:\/\/api.w.org\/{rel}","templated":true}]}}